{"id":134,"date":"2019-09-03T14:25:50","date_gmt":"2019-09-03T12:25:50","guid":{"rendered":"http:\/\/www.concept-streitberg.de\/?page_id=134"},"modified":"2019-09-03T14:30:31","modified_gmt":"2019-09-03T12:30:31","slug":"streitberg-prozess","status":"publish","type":"page","link":"https:\/\/www.concept-streitberg.de\/?page_id=134","title":{"rendered":"Was ist der STREITBERG-Prozess?"},"content":{"rendered":"\n<p>Die Verhaltensbiologen um Prof. von Cube, Heidelberg, sagen: der STREITBERG-Prozess, das ist Verhaltensbiologie in Aktion.<br> Kenner des Management-Systems des fraktalen Unternehmens nach Prof. Warnecke, Alt-Pr\u00e4sident der Fraunhofer Gesellschaft, sehen in dem STREITBERG-Prozess die fraktalen Handlungs- und Organisations-Prinzipien verwirklicht.<\/p>\n\n\n\n<p>F\u00fcr Qualit\u00e4ts-Manager ist der STREITBERG-Prozess ein Werkzeug zur Erreichung ihrer Qualit\u00e4tsziele. Personal-Manager legen den STREITBERG-Prozess gerne unter Teambildung, Change-Management, Empowerment oder Supply-Management ab.<\/p>\n\n\n\n<p>Und Czikszentmihalyi, der Autor des Bestsellers &#8222;Flow&#8220;, w\u00fcrde dem STREITBERG-Prozess sicherlich als &#8222;Flow-Prozess&#8220; bezeichnen.<\/p>\n\n\n\n<p>Im Handbuch &#8222;Management-Modelle&#8220; (WILY-VCH) werden 60(!) Management-Modelle vorgestellt. Der STREITBERG-Prozess ist anders. Der STREITBERG-Prozess arbeitet unmittelbar an den Bed\u00fcrfnissen der Menschen. Der STREITBERG-Prozess wird schnell verstanden und kommt sofort zur Wirkung.<\/p>\n","protected":false},"excerpt":{"rendered":"<p>Die Verhaltensbiologen um Prof. von Cube, Heidelberg, sagen: der STREITBERG-Prozess, das ist Verhaltensbiologie in Aktion. Kenner des Management-Systems des fraktalen Unternehmens nach Prof. Warnecke, Alt-Pr\u00e4sident der Fraunhofer Gesellschaft, sehen in dem STREITBERG-Prozess die fraktalen Handlungs- und Organisations-Prinzipien verwirklicht. F\u00fcr Qualit\u00e4ts-Manager ist der STREITBERG-Prozess ein Werkzeug zur Erreichung ihrer Qualit\u00e4tsziele. Personal-Manager legen den STREITBERG-Prozess gerne unter &hellip; <\/p>\n<p class=\"link-more\"><a href=\"https:\/\/www.concept-streitberg.de\/?page_id=134\" class=\"more-link\"><span class=\"screen-reader-text\">\u201eWas ist der STREITBERG-Prozess?\u201c<\/span> weiterlesen<\/a><\/p>\n","protected":false},"author":1,"featured_media":0,"parent":0,"menu_order":0,"comment_status":"closed","ping_status":"closed","template":"","meta":{"footnotes":""},"class_list":["post-134","page","type-page","status-publish","hentry"],"_links":{"self":[{"href":"https:\/\/www.concept-streitberg.de\/index.php?rest_route=\/wp\/v2\/pages\/134","targetHints":{"allow":["GET"]}}],"collection":[{"href":"https:\/\/www.concept-streitberg.de\/index.php?rest_route=\/wp\/v2\/pages"}],"about":[{"href":"https:\/\/www.concept-streitberg.de\/index.php?rest_route=\/wp\/v2\/types\/page"}],"author":[{"embeddable":true,"href":"https:\/\/www.concept-streitberg.de\/index.php?rest_route=\/wp\/v2\/users\/1"}],"replies":[{"embeddable":true,"href":"https:\/\/www.concept-streitberg.de\/index.php?rest_route=%2Fwp%2Fv2%2Fcomments&post=134"}],"version-history":[{"count":2,"href":"https:\/\/www.concept-streitberg.de\/index.php?rest_route=\/wp\/v2\/pages\/134\/revisions"}],"predecessor-version":[{"id":140,"href":"https:\/\/www.concept-streitberg.de\/index.php?rest_route=\/wp\/v2\/pages\/134\/revisions\/140"}],"wp:attachment":[{"href":"https:\/\/www.concept-streitberg.de\/index.php?rest_route=%2Fwp%2Fv2%2Fmedia&parent=134"}],"curies":[{"name":"wp","href":"https:\/\/api.w.org\/{rel}","templated":true}]}}