{"id":141,"date":"2019-09-03T14:31:37","date_gmt":"2019-09-03T12:31:37","guid":{"rendered":"http:\/\/www.concept-streitberg.de\/?page_id=141"},"modified":"2019-09-03T14:31:38","modified_gmt":"2019-09-03T12:31:38","slug":"was-koennen-sie-mit-dem-streitberg-prozess-erreichen","status":"publish","type":"page","link":"https:\/\/www.concept-streitberg.de\/?page_id=141","title":{"rendered":"Was k\u00f6nnen Sie mit dem STREITBERG-Prozess erreichen?"},"content":{"rendered":"\n<p>Am Ende eines STREITBERG-Prozesses werden Sie die Produktivit\u00e4t Ihres Unternehmens und die Ihrer Mitarbeiter weit \u00fcber Ihre Erwartungen hinaus gesteigert haben. Alle Unternehmen, die den STREITBERG-Prozess bisher gemacht haben, best\u00e4tigen dieses Ph\u00e4nomen. Ihr Unternehmen wird nicht nur Kosten sparen, Prozesse und Strukturen optimieren, sondern dar\u00fcber hinaus Management-Wissen zu Wissens-management machen und Strategien schneller und effektiver umsetzen. Und vor allem Zeit sparen, Zeit gewinnen. Ihre Mitarbeiter werden sich an ihren Potentialen entlang aufstellen und auf diese Weise Maximalleistungen erbringen mit einem H\u00f6chstma\u00df an Motivation. Das Ergebnis sind Hochleistungsteams auf Dauer. Die Voraussetzung daf\u00fcr ist die Kombination von emotionaler Ebene und Sachebene, von Beziehungs- und Werkzeug-Ebene.<\/p>\n\n\n\n<p>Eines ohne das Andere bleibt wirkungslos. Der STREITBERG-Prozess schickt Ihre Teams auf eine Entdeckungsreise zu Aufgaben, Zielen und Erfolgen. Das motiviert und schwei\u00dft zusammen.<\/p>\n","protected":false},"excerpt":{"rendered":"<p>Am Ende eines STREITBERG-Prozesses werden Sie die Produktivit\u00e4t Ihres Unternehmens und die Ihrer Mitarbeiter weit \u00fcber Ihre Erwartungen hinaus gesteigert haben. Alle Unternehmen, die den STREITBERG-Prozess bisher gemacht haben, best\u00e4tigen dieses Ph\u00e4nomen. Ihr Unternehmen wird nicht nur Kosten sparen, Prozesse und Strukturen optimieren, sondern dar\u00fcber hinaus Management-Wissen zu Wissens-management machen und Strategien schneller und effektiver &hellip; <\/p>\n<p class=\"link-more\"><a href=\"https:\/\/www.concept-streitberg.de\/?page_id=141\" class=\"more-link\"><span class=\"screen-reader-text\">\u201eWas k\u00f6nnen Sie mit dem STREITBERG-Prozess erreichen?\u201c<\/span> weiterlesen<\/a><\/p>\n","protected":false},"author":1,"featured_media":0,"parent":0,"menu_order":0,"comment_status":"closed","ping_status":"closed","template":"","meta":{"footnotes":""},"class_list":["post-141","page","type-page","status-publish","hentry"],"_links":{"self":[{"href":"https:\/\/www.concept-streitberg.de\/index.php?rest_route=\/wp\/v2\/pages\/141","targetHints":{"allow":["GET"]}}],"collection":[{"href":"https:\/\/www.concept-streitberg.de\/index.php?rest_route=\/wp\/v2\/pages"}],"about":[{"href":"https:\/\/www.concept-streitberg.de\/index.php?rest_route=\/wp\/v2\/types\/page"}],"author":[{"embeddable":true,"href":"https:\/\/www.concept-streitberg.de\/index.php?rest_route=\/wp\/v2\/users\/1"}],"replies":[{"embeddable":true,"href":"https:\/\/www.concept-streitberg.de\/index.php?rest_route=%2Fwp%2Fv2%2Fcomments&post=141"}],"version-history":[{"count":1,"href":"https:\/\/www.concept-streitberg.de\/index.php?rest_route=\/wp\/v2\/pages\/141\/revisions"}],"predecessor-version":[{"id":143,"href":"https:\/\/www.concept-streitberg.de\/index.php?rest_route=\/wp\/v2\/pages\/141\/revisions\/143"}],"wp:attachment":[{"href":"https:\/\/www.concept-streitberg.de\/index.php?rest_route=%2Fwp%2Fv2%2Fmedia&parent=141"}],"curies":[{"name":"wp","href":"https:\/\/api.w.org\/{rel}","templated":true}]}}