{"id":151,"date":"2019-09-03T14:43:16","date_gmt":"2019-09-03T12:43:16","guid":{"rendered":"http:\/\/www.concept-streitberg.de\/?page_id=151"},"modified":"2019-09-03T14:45:19","modified_gmt":"2019-09-03T12:45:19","slug":"den-streitberg-prozess-erleben","status":"publish","type":"page","link":"https:\/\/www.concept-streitberg.de\/?page_id=151","title":{"rendered":"Den STREITBERG-Prozess erleben"},"content":{"rendered":"\n<p>Zum kennen lernen und erleben der Methodik bieten wir die STREITBERGER-Schnitzeljagd an.<\/p>\n\n\n\n<p>Bei der Schnitzeljagd lernen Sie auf einfache und angenehme Weise kennen, wie Teams ins Handeln geraten. Dabei ist es egal, ob sich die Teammitglieder kennen oder nicht. In freudiger Atmosph\u00e4re werden alle gruppendynamischen Aspekte und Verhaltensweisen auf anschauliche Weise sichtbar.<\/p>\n\n\n\n<p>Unsere Schnitzeljagd ist eine Art <code>Waldspaziergang<\/code> f\u00fcr alle Altersgruppen und f\u00fcr jeden Konditionszustand.<\/p>\n\n\n\n<p>Jede Gruppe erreicht das Ziel, ein Prinzip, das sich wie ein roter Faden durch den gesamten STREITBERG-Prozess zieht.<\/p>\n\n\n\n<p>Am zweiten Tag werden Videofilme der Schnitzeljagd von den Gruppen weitgehend selbst\u00e4ndig ausgewertet. Mit viel Spa\u00df werden alle 14 gruppendynamischen Ph\u00e4nomene aufgesp\u00fcrt, ohne dass jemand vorgef\u00fchrt oder verletzt wird.<\/p>\n\n\n\n<p>Die Schnitzeljagd bleibt ein unvergessliches Erlebnis.<\/p>\n\n\n<a class=\"maxbutton-1 maxbutton maxbutton-kontaktform\" title=\"Schreiben Sie mir\" href=\"\/kontaktformular\/\"><span class='mb-text'>Nachricht schicken<\/span><\/a>","protected":false},"excerpt":{"rendered":"<p>Zum kennen lernen und erleben der Methodik bieten wir die STREITBERGER-Schnitzeljagd an. Bei der Schnitzeljagd lernen Sie auf einfache und angenehme Weise kennen, wie Teams ins Handeln geraten. Dabei ist es egal, ob sich die Teammitglieder kennen oder nicht. In freudiger Atmosph\u00e4re werden alle gruppendynamischen Aspekte und Verhaltensweisen auf anschauliche Weise sichtbar. Unsere Schnitzeljagd ist &hellip; <\/p>\n<p class=\"link-more\"><a href=\"https:\/\/www.concept-streitberg.de\/?page_id=151\" class=\"more-link\"><span class=\"screen-reader-text\">\u201eDen STREITBERG-Prozess erleben\u201c<\/span> weiterlesen<\/a><\/p>\n","protected":false},"author":1,"featured_media":0,"parent":0,"menu_order":0,"comment_status":"closed","ping_status":"closed","template":"","meta":{"footnotes":""},"class_list":["post-151","page","type-page","status-publish","hentry"],"_links":{"self":[{"href":"https:\/\/www.concept-streitberg.de\/index.php?rest_route=\/wp\/v2\/pages\/151","targetHints":{"allow":["GET"]}}],"collection":[{"href":"https:\/\/www.concept-streitberg.de\/index.php?rest_route=\/wp\/v2\/pages"}],"about":[{"href":"https:\/\/www.concept-streitberg.de\/index.php?rest_route=\/wp\/v2\/types\/page"}],"author":[{"embeddable":true,"href":"https:\/\/www.concept-streitberg.de\/index.php?rest_route=\/wp\/v2\/users\/1"}],"replies":[{"embeddable":true,"href":"https:\/\/www.concept-streitberg.de\/index.php?rest_route=%2Fwp%2Fv2%2Fcomments&post=151"}],"version-history":[{"count":2,"href":"https:\/\/www.concept-streitberg.de\/index.php?rest_route=\/wp\/v2\/pages\/151\/revisions"}],"predecessor-version":[{"id":155,"href":"https:\/\/www.concept-streitberg.de\/index.php?rest_route=\/wp\/v2\/pages\/151\/revisions\/155"}],"wp:attachment":[{"href":"https:\/\/www.concept-streitberg.de\/index.php?rest_route=%2Fwp%2Fv2%2Fmedia&parent=151"}],"curies":[{"name":"wp","href":"https:\/\/api.w.org\/{rel}","templated":true}]}}