{"id":165,"date":"2019-09-03T15:17:03","date_gmt":"2019-09-03T13:17:03","guid":{"rendered":"http:\/\/www.concept-streitberg.de\/?page_id=165"},"modified":"2019-09-03T15:51:21","modified_gmt":"2019-09-03T13:51:21","slug":"unsere-prinzipien","status":"publish","type":"page","link":"https:\/\/www.concept-streitberg.de\/?page_id=165","title":{"rendered":"Unsere Prinzipien"},"content":{"rendered":"\n<p>Bindung wird von der Verhaltensbiologie als Grundtrieb bezeichnet. Gemeinsames Handeln ohne positive Bindung, bleibt meist \u201cunverbindlich\u201d und erschwert das gemeinsame Handeln. Gemeinsames Handeln schafft zwar immer Bindung, ob gewollt oder nicht, diese Bindung kann sich aber sowohl positiv als auch negativ auspr\u00e4gen. Bleibt das gemeinsame Handeln unreflektiert, kann negative Bindung entstehen.<\/p>\n\n\n\n<p>Positive Bindung braucht die permanente Reflexion, die permanente Auseinandersetzung der Gruppenmitglieder. Das gilt f\u00fcr die Familie genauso wie f\u00fcr den Sportverein, den Freundeskreis, die Partei(en), die Abteilung(en) oder die F\u00fchrungsgruppe eines Unternehmens, einer Organisation.<\/p>\n\n\n\n<p>Ein Winner-Team ist ein Team, das gelernt hat, sich permanent zu reflektieren. Ein Team von \u201cAuseinandersetzungsprofis\u201d.<\/p>\n\n\n\n<ul class=\"wp-block-list\"><li><a href=\"https:\/\/www.concept-streitberg.de\/akzeptanz-ist-nuetzlicher-als-die-forderung-nach-verhaltensaenderung\/\">Gegenseitige Akzeptanz<\/a><\/li><li><a href=\"https:\/\/www.concept-streitberg.de\/selbstakzeptanz-ist-der-schluessel-fuer-gegenseitige-akzeptanz\/\">Selbstakzeptanz<\/a><\/li><li><a href=\"https:\/\/www.concept-streitberg.de\/selbstverantwortung-steht-ueber-fremdverantwortung\/\">Selbstverantwortung<\/a><\/li><li><a href=\"https:\/\/www.concept-streitberg.de\/anerkennung-birgt-mehr-verbesserungspotenzial-als-kritik\/\">Anerkennung<\/a><\/li><li><a href=\"https:\/\/www.concept-streitberg.de\/vertrauen-benoetigt-weniger-zeit-energie-und-aufwand-als-kontrolle\/\">Vertrauen<\/a><\/li><li><a href=\"https:\/\/www.concept-streitberg.de\/auseinandersetzungen-zu-fuehren-ist-foerderlich\/\">Auseinandersetzungen<\/a><\/li><li><a href=\"https:\/\/www.concept-streitberg.de\/emotionale-intelligenz-ist-meist-kraftvoller-als-rationale\/\">Emotionale Intelligenz<\/a><\/li><li><a href=\"https:\/\/www.concept-streitberg.de\/missverstaendnisse-sind-haeufiger-konfliktursache-als-boeswilligkeit\/\">Missverst\u00e4ndnisse<\/a><\/li><li><a href=\"https:\/\/www.concept-streitberg.de\/ein-emotionales-commitment-macht-ein-rationales-erst-tragfaehig\/\">Emotionales Commitment<\/a><\/li><li><a href=\"https:\/\/www.concept-streitberg.de\/lernen-durch-neugier-ist-effektiver-als-lernen-durch-druck\/\">Lernen durch Neugier<\/a><\/li><\/ul>\n","protected":false},"excerpt":{"rendered":"<p>Bindung wird von der Verhaltensbiologie als Grundtrieb bezeichnet. Gemeinsames Handeln ohne positive Bindung, bleibt meist \u201cunverbindlich\u201d und erschwert das gemeinsame Handeln. Gemeinsames Handeln schafft zwar immer Bindung, ob gewollt oder nicht, diese Bindung kann sich aber sowohl positiv als auch negativ auspr\u00e4gen. Bleibt das gemeinsame Handeln unreflektiert, kann negative Bindung entstehen. Positive Bindung braucht die &hellip; <\/p>\n<p class=\"link-more\"><a href=\"https:\/\/www.concept-streitberg.de\/?page_id=165\" class=\"more-link\"><span class=\"screen-reader-text\">\u201eUnsere Prinzipien\u201c<\/span> weiterlesen<\/a><\/p>\n","protected":false},"author":1,"featured_media":0,"parent":0,"menu_order":0,"comment_status":"closed","ping_status":"closed","template":"","meta":{"footnotes":""},"class_list":["post-165","page","type-page","status-publish","hentry"],"_links":{"self":[{"href":"https:\/\/www.concept-streitberg.de\/index.php?rest_route=\/wp\/v2\/pages\/165","targetHints":{"allow":["GET"]}}],"collection":[{"href":"https:\/\/www.concept-streitberg.de\/index.php?rest_route=\/wp\/v2\/pages"}],"about":[{"href":"https:\/\/www.concept-streitberg.de\/index.php?rest_route=\/wp\/v2\/types\/page"}],"author":[{"embeddable":true,"href":"https:\/\/www.concept-streitberg.de\/index.php?rest_route=\/wp\/v2\/users\/1"}],"replies":[{"embeddable":true,"href":"https:\/\/www.concept-streitberg.de\/index.php?rest_route=%2Fwp%2Fv2%2Fcomments&post=165"}],"version-history":[{"count":12,"href":"https:\/\/www.concept-streitberg.de\/index.php?rest_route=\/wp\/v2\/pages\/165\/revisions"}],"predecessor-version":[{"id":202,"href":"https:\/\/www.concept-streitberg.de\/index.php?rest_route=\/wp\/v2\/pages\/165\/revisions\/202"}],"wp:attachment":[{"href":"https:\/\/www.concept-streitberg.de\/index.php?rest_route=%2Fwp%2Fv2%2Fmedia&parent=165"}],"curies":[{"name":"wp","href":"https:\/\/api.w.org\/{rel}","templated":true}]}}