{"id":17,"date":"2017-11-01T13:43:19","date_gmt":"2017-11-01T12:43:19","guid":{"rendered":"http:\/\/concept-streitberg.de\/wp_concept-streitberg\/?page_id=17"},"modified":"2021-09-24T22:19:40","modified_gmt":"2021-09-24T20:19:40","slug":"impressum","status":"publish","type":"page","link":"https:\/\/www.concept-streitberg.de\/?page_id=17","title":{"rendered":"Impressum"},"content":{"rendered":"\n<p>Team- und Projektcoaching<br>Inhaber des Unternehmens: J\u00fcrgen Gro\u00df<br>Kleine Wies 2<br>85354 Freising<br>Deutschland<br>E-Mail-Adresse: webmaster@concept-streitberg.de<br>Telefonnummer: +49 8161 231711<br>Umsatzsteuer-Identifikationsnummer: DE232199765<br>Gerichtsstand: Amtsgericht Freising<\/p>\n\n\n\n<p>Verantwortlich f\u00fcr den Inhalt: J\u00fcrgen Gro\u00df<\/p>\n\n\n\n<p>Plattform der Europ\u00e4ischen Kommission zur Online-Streitbeilegung (OS) f\u00fcr Verbraucher: https:\/\/ec.europa.eu\/consumers\/odr\/. Wir sind nicht bereit und nicht verpflichtet an einem Streitbeilegungsverfahren vor einer Verbraucherschlichtungsstelle teilzunehmen.<\/p>\n","protected":false},"excerpt":{"rendered":"<p>Team- und ProjektcoachingInhaber des Unternehmens: J\u00fcrgen Gro\u00dfKleine Wies 285354 FreisingDeutschlandE-Mail-Adresse: webmaster@concept-streitberg.deTelefonnummer: +49 8161 231711Umsatzsteuer-Identifikationsnummer: DE232199765Gerichtsstand: Amtsgericht Freising Verantwortlich f\u00fcr den Inhalt: J\u00fcrgen Gro\u00df Plattform der Europ\u00e4ischen Kommission zur Online-Streitbeilegung (OS) f\u00fcr Verbraucher: https:\/\/ec.europa.eu\/consumers\/odr\/. Wir sind nicht bereit und nicht verpflichtet an einem Streitbeilegungsverfahren vor einer Verbraucherschlichtungsstelle teilzunehmen.<\/p>\n","protected":false},"author":1,"featured_media":0,"parent":0,"menu_order":0,"comment_status":"closed","ping_status":"closed","template":"","meta":{"footnotes":""},"class_list":["post-17","page","type-page","status-publish","hentry"],"_links":{"self":[{"href":"https:\/\/www.concept-streitberg.de\/index.php?rest_route=\/wp\/v2\/pages\/17","targetHints":{"allow":["GET"]}}],"collection":[{"href":"https:\/\/www.concept-streitberg.de\/index.php?rest_route=\/wp\/v2\/pages"}],"about":[{"href":"https:\/\/www.concept-streitberg.de\/index.php?rest_route=\/wp\/v2\/types\/page"}],"author":[{"embeddable":true,"href":"https:\/\/www.concept-streitberg.de\/index.php?rest_route=\/wp\/v2\/users\/1"}],"replies":[{"embeddable":true,"href":"https:\/\/www.concept-streitberg.de\/index.php?rest_route=%2Fwp%2Fv2%2Fcomments&post=17"}],"version-history":[{"count":8,"href":"https:\/\/www.concept-streitberg.de\/index.php?rest_route=\/wp\/v2\/pages\/17\/revisions"}],"predecessor-version":[{"id":405,"href":"https:\/\/www.concept-streitberg.de\/index.php?rest_route=\/wp\/v2\/pages\/17\/revisions\/405"}],"wp:attachment":[{"href":"https:\/\/www.concept-streitberg.de\/index.php?rest_route=%2Fwp%2Fv2%2Fmedia&parent=17"}],"curies":[{"name":"wp","href":"https:\/\/api.w.org\/{rel}","templated":true}]}}