{"id":175,"date":"2019-09-03T15:28:32","date_gmt":"2019-09-03T13:28:32","guid":{"rendered":"http:\/\/www.concept-streitberg.de\/?page_id=175"},"modified":"2019-09-03T15:28:33","modified_gmt":"2019-09-03T13:28:33","slug":"selbstakzeptanz-ist-der-schluessel-fuer-gegenseitige-akzeptanz","status":"publish","type":"page","link":"https:\/\/www.concept-streitberg.de\/?page_id=175","title":{"rendered":"Selbstakzeptanz ist der Schl\u00fcssel f\u00fcr gegenseitige Akzeptanz"},"content":{"rendered":"\n<p>Gegenseitige Akzeptanz f\u00e4llt umso leichter, je mehr die einzelnen Gruppenmitglieder gelernt haben, sich selbst so zu akzeptieren, wie sie nun mal sind. Selbstverst\u00e4ndlich immer mit der Option, mehr aus sich zu machen, sich zu verbessern. Aber der Kraftpunkt, der Aktionspunkt, der uns handlungsf\u00e4hig macht, ist eben jetzt. Der Teil Ihres Potenzials, der Ihnen hier und heute zur Verf\u00fcgung steht, ist immer genug, um zu handeln. Muss genug sein. Auch genug, um weitere Teile Ihres Gesamtpotenzials zu erschlie\u00dfen. Selbstannahme geht also davon aus, zu akzeptieren, wer und was Sie derzeit sind. Und nicht, wer oder was Sie morgen sein k\u00f6nnten.<\/p>\n\n\n\n<p>Diese Haltung, denn es ist eine Haltung, gibt Ihnen einerseits die M\u00f6glichkeit, sich selbst zu jedem Zeitpunkt Ihres Lebens ganz und gar zu m\u00f6gen, anzunehmen, zu akzeptieren, mehr noch: zu respektieren und andererseits, Ihr unerschlossenes Potential mit Gelassenheit, Konsequenz und Ausdauer zu entdecken und sukzessiv zum Einsatz zu bringen. Das nennen wir nat\u00fcrliches Wachstum. Die Entdeckungsreise zu sich selbst beginnt in dem Augenblick, angenehm und aufbauend zu werden, indem Sie sich entschlie\u00dfen, das Prinzip der Selbstannahme wirken zu lassen. Im selben Ma\u00df, wie es Ihnen gelingt, sich selbst zu akzeptieren, steigt Ihre Akzeptanzf\u00e4higkeit anderen gegen\u00fcber. Und das kommt zur\u00fcck. Ihr Umfeld beginnt Sie mehr und mehr so zu nehmen, wie Sie sind. Ein reflektiver Prozess.<\/p>\n\n\n\n<p class=\"has-text-color has-vivid-cyan-blue-color\">Ein Winner-Team ist ein Team mit ausgepr\u00e4gten Individuen, aus eigenem Willen zusammengekommen, um ein St\u00fcck Weges gemeinsam zu gehen und in diesem Sinne gemeinsam zu handeln. Solche Teams muss man nicht motivieren. Sie sind es.<\/p>\n","protected":false},"excerpt":{"rendered":"<p>Gegenseitige Akzeptanz f\u00e4llt umso leichter, je mehr die einzelnen Gruppenmitglieder gelernt haben, sich selbst so zu akzeptieren, wie sie nun mal sind. Selbstverst\u00e4ndlich immer mit der Option, mehr aus sich zu machen, sich zu verbessern. Aber der Kraftpunkt, der Aktionspunkt, der uns handlungsf\u00e4hig macht, ist eben jetzt. Der Teil Ihres Potenzials, der Ihnen hier und &hellip; <\/p>\n<p class=\"link-more\"><a href=\"https:\/\/www.concept-streitberg.de\/?page_id=175\" class=\"more-link\"><span class=\"screen-reader-text\">\u201eSelbstakzeptanz ist der Schl\u00fcssel f\u00fcr gegenseitige Akzeptanz\u201c<\/span> weiterlesen<\/a><\/p>\n","protected":false},"author":1,"featured_media":0,"parent":0,"menu_order":0,"comment_status":"closed","ping_status":"closed","template":"","meta":{"footnotes":""},"class_list":["post-175","page","type-page","status-publish","hentry"],"_links":{"self":[{"href":"https:\/\/www.concept-streitberg.de\/index.php?rest_route=\/wp\/v2\/pages\/175","targetHints":{"allow":["GET"]}}],"collection":[{"href":"https:\/\/www.concept-streitberg.de\/index.php?rest_route=\/wp\/v2\/pages"}],"about":[{"href":"https:\/\/www.concept-streitberg.de\/index.php?rest_route=\/wp\/v2\/types\/page"}],"author":[{"embeddable":true,"href":"https:\/\/www.concept-streitberg.de\/index.php?rest_route=\/wp\/v2\/users\/1"}],"replies":[{"embeddable":true,"href":"https:\/\/www.concept-streitberg.de\/index.php?rest_route=%2Fwp%2Fv2%2Fcomments&post=175"}],"version-history":[{"count":1,"href":"https:\/\/www.concept-streitberg.de\/index.php?rest_route=\/wp\/v2\/pages\/175\/revisions"}],"predecessor-version":[{"id":177,"href":"https:\/\/www.concept-streitberg.de\/index.php?rest_route=\/wp\/v2\/pages\/175\/revisions\/177"}],"wp:attachment":[{"href":"https:\/\/www.concept-streitberg.de\/index.php?rest_route=%2Fwp%2Fv2%2Fmedia&parent=175"}],"curies":[{"name":"wp","href":"https:\/\/api.w.org\/{rel}","templated":true}]}}