{"id":179,"date":"2019-09-03T15:33:30","date_gmt":"2019-09-03T13:33:30","guid":{"rendered":"http:\/\/www.concept-streitberg.de\/?page_id=179"},"modified":"2019-09-03T15:33:30","modified_gmt":"2019-09-03T13:33:30","slug":"selbstverantwortung-steht-ueber-fremdverantwortung","status":"publish","type":"page","link":"https:\/\/www.concept-streitberg.de\/?page_id=179","title":{"rendered":"Selbstverantwortung steht \u00fcber Fremdverantwortung"},"content":{"rendered":"\n<p>\u00dcber die Selbstannahme, die Selbstakzeptanz, kommen wir zur Selbstverantwortung. So baut eines auf dem anderen auf. Nur wer akzeptieren kann, was in seinem Kopf und seinem Herzen vorkommt, was sein Wollen, W\u00fcnschen und Streben ausmacht, was seine Hoffnungen, Bef\u00fcrchtungen, Haltungen und Annahmen, seine Werte, Glaubenss\u00e4tze und Ablehnungen, seine einzigartige Wahrnehmung f\u00fcr ihn bedeuten und all dies zun\u00e4chst einmal zul\u00e4sst und annimmt, nur der kann all dies auch selber verantworten.<\/p>\n\n\n\n<p>Selbstverantwortung hei\u00dft, die eigene Wirklichkeit erkennen und verantworten. Die Wirklichkeiten anderer \u201cdarf\u201d man auch erkennen, kann sie aber nicht verantworten. Das eigene Tun und Lassen verantworten, das ist Selbstverantwortung. Ja, sogar das eigene Denken und F\u00fchlen. Auch das F\u00fchlen. Aber nur sich selbst gegen\u00fcber und ohne Verpflichtung, die eigenen Gef\u00fchle anderen gegen\u00fcber begr\u00fcnden zu m\u00fcssen. Verantworten ja, Begr\u00fcnden nein. <\/p>\n\n\n\n<p class=\"has-text-color has-vivid-cyan-blue-color\">Winner-Teams sind Teams, die ihre einzigartigen Individual-Wirklichkeiten zu einer gemeinsamen Wirklichkeit \u201ccommitten\u201d k\u00f6nnen, weil sie diese voneinander kennen und akzeptieren. Ihre gemeinsame Wirklichkeit, die sie permanent fortschreiben, kritisch reflektieren und anderen Gruppen gegen\u00fcber transparent machen und transparent halten.<\/p>\n","protected":false},"excerpt":{"rendered":"<p>\u00dcber die Selbstannahme, die Selbstakzeptanz, kommen wir zur Selbstverantwortung. So baut eines auf dem anderen auf. Nur wer akzeptieren kann, was in seinem Kopf und seinem Herzen vorkommt, was sein Wollen, W\u00fcnschen und Streben ausmacht, was seine Hoffnungen, Bef\u00fcrchtungen, Haltungen und Annahmen, seine Werte, Glaubenss\u00e4tze und Ablehnungen, seine einzigartige Wahrnehmung f\u00fcr ihn bedeuten und all &hellip; <\/p>\n<p class=\"link-more\"><a href=\"https:\/\/www.concept-streitberg.de\/?page_id=179\" class=\"more-link\"><span class=\"screen-reader-text\">\u201eSelbstverantwortung steht \u00fcber Fremdverantwortung\u201c<\/span> weiterlesen<\/a><\/p>\n","protected":false},"author":1,"featured_media":0,"parent":0,"menu_order":0,"comment_status":"closed","ping_status":"closed","template":"","meta":{"footnotes":""},"class_list":["post-179","page","type-page","status-publish","hentry"],"_links":{"self":[{"href":"https:\/\/www.concept-streitberg.de\/index.php?rest_route=\/wp\/v2\/pages\/179","targetHints":{"allow":["GET"]}}],"collection":[{"href":"https:\/\/www.concept-streitberg.de\/index.php?rest_route=\/wp\/v2\/pages"}],"about":[{"href":"https:\/\/www.concept-streitberg.de\/index.php?rest_route=\/wp\/v2\/types\/page"}],"author":[{"embeddable":true,"href":"https:\/\/www.concept-streitberg.de\/index.php?rest_route=\/wp\/v2\/users\/1"}],"replies":[{"embeddable":true,"href":"https:\/\/www.concept-streitberg.de\/index.php?rest_route=%2Fwp%2Fv2%2Fcomments&post=179"}],"version-history":[{"count":1,"href":"https:\/\/www.concept-streitberg.de\/index.php?rest_route=\/wp\/v2\/pages\/179\/revisions"}],"predecessor-version":[{"id":180,"href":"https:\/\/www.concept-streitberg.de\/index.php?rest_route=\/wp\/v2\/pages\/179\/revisions\/180"}],"wp:attachment":[{"href":"https:\/\/www.concept-streitberg.de\/index.php?rest_route=%2Fwp%2Fv2%2Fmedia&parent=179"}],"curies":[{"name":"wp","href":"https:\/\/api.w.org\/{rel}","templated":true}]}}