{"id":182,"date":"2019-09-03T15:35:53","date_gmt":"2019-09-03T13:35:53","guid":{"rendered":"http:\/\/www.concept-streitberg.de\/?page_id=182"},"modified":"2019-09-03T15:35:53","modified_gmt":"2019-09-03T13:35:53","slug":"anerkennung-birgt-mehr-verbesserungspotenzial-als-kritik","status":"publish","type":"page","link":"https:\/\/www.concept-streitberg.de\/?page_id=182","title":{"rendered":"Anerkennung birgt mehr Verbesserungspotenzial als Kritik"},"content":{"rendered":"\n<p>Es gibt einen ganzen Kulturkreis, der bei Anerkennung potenziell defizit\u00e4r ist: den unseren. Unsere westliche Industriekultur pr\u00e4feriert die Anerkennung der Leistung und vernachl\u00e4ssigt die Anerkennung der Person. Das hatte und hat prek\u00e4re Folgen. Wenn Anerkennung immer nur zur Leistung flie\u00dft, fallen viele von uns fr\u00fcher oder sp\u00e4ter in ein schwarzes Loch. Sp\u00e4testens dann, wenn sie aus dem Leistungssystem herausfallen, z.B. bei Krankheit, Rente oder Arbeitslosigkeit. Nat\u00fcrlich haben die meisten Arbeitslosen genug zu essen, Kleidung und ein Dach \u00fcber dem Kopf. Aber weil sie keine Leistung mehr erbringen k\u00f6nnen, bekommen sie auch keine Anerkennung mehr. W\u00e4re die Anerkennung zur Person geflossen, w\u00e4re das Anerkennungsdefizit weit geringer oder gar nicht vorhanden.<\/p>\n\n\n\n<p>Im Streitberg-Prozess flie\u00dft die Anerkennung zur Person. Und das baut auf. Nachhaltig. Und bringt Leistung. Kritik verletzt fast immer. Oft besonders dann, wenn sie von einem geliebten Menschen kommt, der vielleicht auch noch recht hat. Und die sogenannte konstruktive Kritik ist eine Kunst, die nur ganz wenige k\u00f6nnen.<\/p>\n\n\n\n<p>Worauf wollen Sie Ihre Aufmerksamkeit richten? Auf die positiven oder auf die negativen Aspekte Ihres Gegen\u00fcbers. Das, worauf Sie Ihre Aufmerksamkeit richten, genau das wird sich verst\u00e4rken. Sie entscheiden, was es sein wird.<\/p>\n\n\n\n<p class=\"has-text-color has-vivid-cyan-blue-color\">Ein Winner-Team hat gelernt, sein volles Potential zu erschlie\u00dfen, indem es die positiven Eigenschaften seiner Team-Mitglieder durch gegenseitige Anerkennung b\u00fcndelt und verst\u00e4rkt.<\/p>\n","protected":false},"excerpt":{"rendered":"<p>Es gibt einen ganzen Kulturkreis, der bei Anerkennung potenziell defizit\u00e4r ist: den unseren. Unsere westliche Industriekultur pr\u00e4feriert die Anerkennung der Leistung und vernachl\u00e4ssigt die Anerkennung der Person. Das hatte und hat prek\u00e4re Folgen. Wenn Anerkennung immer nur zur Leistung flie\u00dft, fallen viele von uns fr\u00fcher oder sp\u00e4ter in ein schwarzes Loch. Sp\u00e4testens dann, wenn sie &hellip; <\/p>\n<p class=\"link-more\"><a href=\"https:\/\/www.concept-streitberg.de\/?page_id=182\" class=\"more-link\"><span class=\"screen-reader-text\">\u201eAnerkennung birgt mehr Verbesserungspotenzial als Kritik\u201c<\/span> weiterlesen<\/a><\/p>\n","protected":false},"author":1,"featured_media":0,"parent":0,"menu_order":0,"comment_status":"closed","ping_status":"closed","template":"","meta":{"footnotes":""},"class_list":["post-182","page","type-page","status-publish","hentry"],"_links":{"self":[{"href":"https:\/\/www.concept-streitberg.de\/index.php?rest_route=\/wp\/v2\/pages\/182","targetHints":{"allow":["GET"]}}],"collection":[{"href":"https:\/\/www.concept-streitberg.de\/index.php?rest_route=\/wp\/v2\/pages"}],"about":[{"href":"https:\/\/www.concept-streitberg.de\/index.php?rest_route=\/wp\/v2\/types\/page"}],"author":[{"embeddable":true,"href":"https:\/\/www.concept-streitberg.de\/index.php?rest_route=\/wp\/v2\/users\/1"}],"replies":[{"embeddable":true,"href":"https:\/\/www.concept-streitberg.de\/index.php?rest_route=%2Fwp%2Fv2%2Fcomments&post=182"}],"version-history":[{"count":1,"href":"https:\/\/www.concept-streitberg.de\/index.php?rest_route=\/wp\/v2\/pages\/182\/revisions"}],"predecessor-version":[{"id":183,"href":"https:\/\/www.concept-streitberg.de\/index.php?rest_route=\/wp\/v2\/pages\/182\/revisions\/183"}],"wp:attachment":[{"href":"https:\/\/www.concept-streitberg.de\/index.php?rest_route=%2Fwp%2Fv2%2Fmedia&parent=182"}],"curies":[{"name":"wp","href":"https:\/\/api.w.org\/{rel}","templated":true}]}}