{"id":188,"date":"2019-09-03T15:41:54","date_gmt":"2019-09-03T13:41:54","guid":{"rendered":"http:\/\/www.concept-streitberg.de\/?page_id=188"},"modified":"2019-09-03T15:41:54","modified_gmt":"2019-09-03T13:41:54","slug":"auseinandersetzungen-zu-fuehren-ist-foerderlich","status":"publish","type":"page","link":"https:\/\/www.concept-streitberg.de\/?page_id=188","title":{"rendered":"Auseinandersetzungen zu f\u00fchren ist f\u00f6rderlich"},"content":{"rendered":"\n<p>Der Weg vom Gegeneinander zum Miteinander f\u00fchrt durch die Auseinandersetzung hindurch und nicht an der Auseinandersetzung vorbei. Im Streitberg-Prozess lernt eine Gruppe Auseinandersetzungen zu f\u00fchren, ohne einander zu besch\u00e4digen. Offen, konkret und direkt. All die Vermeidungsstrategien, die wir von klein auf einge\u00fcbt haben, um gar nicht erst in Auseinandersetzungen zu geraten, schaffen nat\u00fcrlich nicht die idealen Voraussetzungen, um Auseinandersetzungs-Profi zu werden. In der Regel lassen wir viel zu viele \u201cKleinigkeiten\u201d zusammen kommen, bevor wir bereit sind, uns auf eine Auseinandersetzung einzulassen. Wobei \u201cbereit\u201d im Sinne von \u201cBereitschaft\u201d gerade dann sicher nicht der Fall ist. Was geschieht ist, dass es uns \u201cpassiert\u201d, dass wir irgendwie hineinrutschen, \u2013 krachen, &#8211; stolpern, &#8211; fallen. Wie auch immer. Alle Auseinandersetzungsfl\u00fcchter und -vermeider kennen das. <br>Ganz anders die Auseinandersetzungssucher, die Sch\u00e4rfe in der Auseinandersetzung lieben, die bei jeder Kleinigkeit das Schwert ziehen m\u00fcssen. <br>Beide Typen und alle die dazwischen liegen k\u00f6nnen lernen, dar\u00fcber zu reden. Auseinandersetzungen angstfrei, vertrauensvoll, sich selbst und das Gegen\u00fcber akzeptierend, respektierend, mit einem Wort \u201cselbstverantwortlich\u201d zu f\u00fchren, schafft positive Bindung. Eine Gruppe w\u00e4chst \u201cgeradlinig\u201d zusammen. <br>Die Auseinandersetzung permanent gef\u00fchrt, bekommt etwas Sportives, Gelassenes. Am Ende sogar etwas Heiteres, Humoriges und Honoriges.<\/p>\n\n\n\n<p class=\"has-text-color has-vivid-cyan-blue-color\">Winner-Teams sind Teams, die gelernt haben, Auseinandersetzungsfl\u00fcchter und Auseinandersetzungssucher durch Akzeptanz zu integrieren, die gelernt haben, Auseinandersetzungen permanent und kompetent zu f\u00fchren.<\/p>\n","protected":false},"excerpt":{"rendered":"<p>Der Weg vom Gegeneinander zum Miteinander f\u00fchrt durch die Auseinandersetzung hindurch und nicht an der Auseinandersetzung vorbei. Im Streitberg-Prozess lernt eine Gruppe Auseinandersetzungen zu f\u00fchren, ohne einander zu besch\u00e4digen. Offen, konkret und direkt. All die Vermeidungsstrategien, die wir von klein auf einge\u00fcbt haben, um gar nicht erst in Auseinandersetzungen zu geraten, schaffen nat\u00fcrlich nicht die &hellip; <\/p>\n<p class=\"link-more\"><a href=\"https:\/\/www.concept-streitberg.de\/?page_id=188\" class=\"more-link\"><span class=\"screen-reader-text\">\u201eAuseinandersetzungen zu f\u00fchren ist f\u00f6rderlich\u201c<\/span> weiterlesen<\/a><\/p>\n","protected":false},"author":1,"featured_media":0,"parent":0,"menu_order":0,"comment_status":"closed","ping_status":"closed","template":"","meta":{"footnotes":""},"class_list":["post-188","page","type-page","status-publish","hentry"],"_links":{"self":[{"href":"https:\/\/www.concept-streitberg.de\/index.php?rest_route=\/wp\/v2\/pages\/188","targetHints":{"allow":["GET"]}}],"collection":[{"href":"https:\/\/www.concept-streitberg.de\/index.php?rest_route=\/wp\/v2\/pages"}],"about":[{"href":"https:\/\/www.concept-streitberg.de\/index.php?rest_route=\/wp\/v2\/types\/page"}],"author":[{"embeddable":true,"href":"https:\/\/www.concept-streitberg.de\/index.php?rest_route=\/wp\/v2\/users\/1"}],"replies":[{"embeddable":true,"href":"https:\/\/www.concept-streitberg.de\/index.php?rest_route=%2Fwp%2Fv2%2Fcomments&post=188"}],"version-history":[{"count":1,"href":"https:\/\/www.concept-streitberg.de\/index.php?rest_route=\/wp\/v2\/pages\/188\/revisions"}],"predecessor-version":[{"id":189,"href":"https:\/\/www.concept-streitberg.de\/index.php?rest_route=\/wp\/v2\/pages\/188\/revisions\/189"}],"wp:attachment":[{"href":"https:\/\/www.concept-streitberg.de\/index.php?rest_route=%2Fwp%2Fv2%2Fmedia&parent=188"}],"curies":[{"name":"wp","href":"https:\/\/api.w.org\/{rel}","templated":true}]}}