{"id":191,"date":"2019-09-03T15:44:42","date_gmt":"2019-09-03T13:44:42","guid":{"rendered":"http:\/\/www.concept-streitberg.de\/?page_id=191"},"modified":"2019-09-03T15:44:43","modified_gmt":"2019-09-03T13:44:43","slug":"emotionale-intelligenz-ist-meist-kraftvoller-als-rationale","status":"publish","type":"page","link":"https:\/\/www.concept-streitberg.de\/?page_id=191","title":{"rendered":"Emotionale Intelligenz ist meist kraftvoller als rationale"},"content":{"rendered":"\n<p>Evolution\u00e4r und uns als Primaten gesehen, sind wir emotionale Wesen mit der mehr oder weniger ausgepr\u00e4gten F\u00e4higkeit zu Rationalit\u00e4t. Tats\u00e4chlich ist emotionale Intelligenz meist kraftvoller als rationale. <br>W\u00fcrde die Rationalit\u00e4t immer und \u00fcberall regieren, auf wie vieles m\u00fcssten wir verzichten.<\/p>\n\n\n\n<p>Es geht also eher darum, von unseren Emotionen nicht beherrscht, herumgebeutelt und geg\u00e4ngelt zu werden. Das funktioniert aber nur dann, wenn wir lernen, unsere Emotionen zun\u00e4chst einmal zuzulassen. Emotionen zu unterdr\u00fccken bedeutet, diesen Emotionen Energie zuzuf\u00fchren. Genau das wollen wir nat\u00fcrlich nicht. Was wir wollen ist, dass negative Emotionen ihre Energie entladen. Rechtzeitig, bewusst und dadurch dosier- und reflektierbar und positive Emotionen ihre Energie in die Gruppe einbringen. Kommt dann die Vernunft als rationaler Regler oder Vermittler noch hinzu, entsteht das, was man emotionale Intelligenz nennt.<\/p>\n\n\n\n<p>Auch das lernt eine Gruppe im Streitberg-Prozess, den Umgang mit Emotionen. Ohne, dass wir diese st\u00e4ndig \u201causleben\u201d, \u201cauf der Zunge tragen\u201d oder sonst wie pr\u00e4sentieren m\u00fcssen. Und vor allem, ohne die Emotionen begr\u00fcnden zu m\u00fcssen oder bewertet zu bekommen. Wir reden dar\u00fcber dann, wenn es ansteht. Offen, konkret, direkt. <br>Wir psychologisieren nicht, empfehlen nicht. Aber wir reflektieren, nehmen Anteil, f\u00fchlen mit, begleiten, sch\u00fctzen, unterst\u00fctzen, h\u00f6ren zu. Und behalten, was wir voneinander sehen und erfahren in der Gruppe. So entstehen gesch\u00fctzte R\u00e4ume, in denen das Vertrauen und Zutrauen weiter wachsen kann.<\/p>\n\n\n\n<p class=\"has-text-color has-vivid-cyan-blue-color\">Ein Winner-Team ist ein Team, das gelernt hat, die Emotionen seiner Mitglieder zuzulassen, an- und ernst zu nehmen und dabei den pers\u00f6nlichen Intimraum, den psychischen Freiraum der Individuen zu respektieren. <br>Ein Winner-Team ist ein Team, das sein Potenzial an emotionaler Intelligenz erkennt, f\u00f6rdert und freisetzt.<\/p>\n","protected":false},"excerpt":{"rendered":"<p>Evolution\u00e4r und uns als Primaten gesehen, sind wir emotionale Wesen mit der mehr oder weniger ausgepr\u00e4gten F\u00e4higkeit zu Rationalit\u00e4t. Tats\u00e4chlich ist emotionale Intelligenz meist kraftvoller als rationale. W\u00fcrde die Rationalit\u00e4t immer und \u00fcberall regieren, auf wie vieles m\u00fcssten wir verzichten. Es geht also eher darum, von unseren Emotionen nicht beherrscht, herumgebeutelt und geg\u00e4ngelt zu werden. &hellip; <\/p>\n<p class=\"link-more\"><a href=\"https:\/\/www.concept-streitberg.de\/?page_id=191\" class=\"more-link\"><span class=\"screen-reader-text\">\u201eEmotionale Intelligenz ist meist kraftvoller als rationale\u201c<\/span> weiterlesen<\/a><\/p>\n","protected":false},"author":1,"featured_media":0,"parent":0,"menu_order":0,"comment_status":"closed","ping_status":"closed","template":"","meta":{"footnotes":""},"class_list":["post-191","page","type-page","status-publish","hentry"],"_links":{"self":[{"href":"https:\/\/www.concept-streitberg.de\/index.php?rest_route=\/wp\/v2\/pages\/191","targetHints":{"allow":["GET"]}}],"collection":[{"href":"https:\/\/www.concept-streitberg.de\/index.php?rest_route=\/wp\/v2\/pages"}],"about":[{"href":"https:\/\/www.concept-streitberg.de\/index.php?rest_route=\/wp\/v2\/types\/page"}],"author":[{"embeddable":true,"href":"https:\/\/www.concept-streitberg.de\/index.php?rest_route=\/wp\/v2\/users\/1"}],"replies":[{"embeddable":true,"href":"https:\/\/www.concept-streitberg.de\/index.php?rest_route=%2Fwp%2Fv2%2Fcomments&post=191"}],"version-history":[{"count":1,"href":"https:\/\/www.concept-streitberg.de\/index.php?rest_route=\/wp\/v2\/pages\/191\/revisions"}],"predecessor-version":[{"id":192,"href":"https:\/\/www.concept-streitberg.de\/index.php?rest_route=\/wp\/v2\/pages\/191\/revisions\/192"}],"wp:attachment":[{"href":"https:\/\/www.concept-streitberg.de\/index.php?rest_route=%2Fwp%2Fv2%2Fmedia&parent=191"}],"curies":[{"name":"wp","href":"https:\/\/api.w.org\/{rel}","templated":true}]}}