{"id":194,"date":"2019-09-03T15:47:17","date_gmt":"2019-09-03T13:47:17","guid":{"rendered":"http:\/\/www.concept-streitberg.de\/?page_id=194"},"modified":"2019-09-03T15:47:17","modified_gmt":"2019-09-03T13:47:17","slug":"missverstaendnisse-sind-haeufiger-konfliktursache-als-boeswilligkeit","status":"publish","type":"page","link":"https:\/\/www.concept-streitberg.de\/?page_id=194","title":{"rendered":"Missverst\u00e4ndnisse sind h\u00e4ufiger Konfliktursache als B\u00f6swilligkeit"},"content":{"rendered":"\n<p>90% aller Konflikte haben als Ursache ein Missverst\u00e4ndnis. Viele Konflikte in Unternehmen, Organisationen oder \u00fcberall dort, wo Menschen gemeinsam handeln, sind Stellvertreter-Kriege. Nehmen wir einfach das Beispiel des Au\u00dfendienstleiters und des Innendienstleiters, die in vielen F\u00e4llen ernsthafte Konflikte haben.<br> Dass sie von der Struktur her meist konflikt\u00e4r aufgestellt sind, haben die beiden nicht zu verantworten. Dass sie diesen Interessenkonflikt von der Sachebene, aber fr\u00fcher oder sp\u00e4ter auf die pers\u00f6nliche Ebene ziehen, verantworten sie schon. Jeder f\u00fcr sich selbst. Beide arbeiten f\u00fcr das Wohl desselben Ganzen. Und das kann nur das Unternehmen in seiner Gesamtheit sein und nicht einzelne Abteilungen. Beide sollten also zumindest gemeinsame \u00fcbergeordnete Ziele haben. <br>Irgendwann hat es begonnen, h\u00f6chstwahrscheinlich mit einem Missverst\u00e4ndnis, einer Kleinigkeit. Man hat nicht dar\u00fcber geredet und es hat sich wiederholt. Man geht aber erst dann in die Auseinandersetzung, wenn die Emotionen da sind. Auch das wiederholt sich. Der Konflikt versch\u00e4rft sich, hat sich l\u00e4ngst auf beide Teams \u00fcbertragen. Es ist nur eine Frage der Zeit, bis B\u00f6swilligkeit ins Spiel kommt. <br>B\u00f6swilligkeit steht sehr selten am Anfang eines Konfliktes, meist ist es \u201cnur\u201d ein Missverst\u00e4ndnis. Ein Missverst\u00e4ndnis, \u00fcber das man nie gesprochen hat, das nie aufgekl\u00e4rt wurde, weil man Absicht oder gar B\u00f6swilligkeit von vornherein unterstellte.<br>B\u00f6swilligkeit kostet Kraft. Beide Parteien und das Ganze, f\u00fcr dessen Wohl und Wachstum beide angetreten sind, verlieren Energie. Viel Energie. Was k\u00f6nnen Sie tun? Wenn Sie jedem Konflikt erst mal ein m\u00f6gliches Missverst\u00e4ndnis unterstellen, haben Sie die Chance, dieses aufzukl\u00e4ren, bevor B\u00f6swilligkeit ins Spiel kommt.<\/p>\n\n\n\n<p class=\"has-text-color has-vivid-cyan-blue-color\">Winner-Teams geben Missverst\u00e4ndnissen keine Chance durch permanente Reflexion z. B. \u201cWas hast du gesagt bzw. gemeint?\u201d, \u201cWas hab ich verstanden?\u201d. Winner-Teams kl\u00e4ren fr\u00fchzeitig, was tats\u00e4chlich gemeint wurde und halten nicht automatisch das f\u00fcr richtig, von dem man glaubt, das es gemeint wurde.<\/p>\n","protected":false},"excerpt":{"rendered":"<p>90% aller Konflikte haben als Ursache ein Missverst\u00e4ndnis. Viele Konflikte in Unternehmen, Organisationen oder \u00fcberall dort, wo Menschen gemeinsam handeln, sind Stellvertreter-Kriege. Nehmen wir einfach das Beispiel des Au\u00dfendienstleiters und des Innendienstleiters, die in vielen F\u00e4llen ernsthafte Konflikte haben. Dass sie von der Struktur her meist konflikt\u00e4r aufgestellt sind, haben die beiden nicht zu verantworten. &hellip; <\/p>\n<p class=\"link-more\"><a href=\"https:\/\/www.concept-streitberg.de\/?page_id=194\" class=\"more-link\"><span class=\"screen-reader-text\">\u201eMissverst\u00e4ndnisse sind h\u00e4ufiger Konfliktursache als B\u00f6swilligkeit\u201c<\/span> weiterlesen<\/a><\/p>\n","protected":false},"author":1,"featured_media":0,"parent":0,"menu_order":0,"comment_status":"closed","ping_status":"closed","template":"","meta":{"footnotes":""},"class_list":["post-194","page","type-page","status-publish","hentry"],"_links":{"self":[{"href":"https:\/\/www.concept-streitberg.de\/index.php?rest_route=\/wp\/v2\/pages\/194","targetHints":{"allow":["GET"]}}],"collection":[{"href":"https:\/\/www.concept-streitberg.de\/index.php?rest_route=\/wp\/v2\/pages"}],"about":[{"href":"https:\/\/www.concept-streitberg.de\/index.php?rest_route=\/wp\/v2\/types\/page"}],"author":[{"embeddable":true,"href":"https:\/\/www.concept-streitberg.de\/index.php?rest_route=\/wp\/v2\/users\/1"}],"replies":[{"embeddable":true,"href":"https:\/\/www.concept-streitberg.de\/index.php?rest_route=%2Fwp%2Fv2%2Fcomments&post=194"}],"version-history":[{"count":1,"href":"https:\/\/www.concept-streitberg.de\/index.php?rest_route=\/wp\/v2\/pages\/194\/revisions"}],"predecessor-version":[{"id":195,"href":"https:\/\/www.concept-streitberg.de\/index.php?rest_route=\/wp\/v2\/pages\/194\/revisions\/195"}],"wp:attachment":[{"href":"https:\/\/www.concept-streitberg.de\/index.php?rest_route=%2Fwp%2Fv2%2Fmedia&parent=194"}],"curies":[{"name":"wp","href":"https:\/\/api.w.org\/{rel}","templated":true}]}}