{"id":258,"date":"2019-09-18T20:49:29","date_gmt":"2019-09-18T18:49:29","guid":{"rendered":"http:\/\/www.concept-streitberg.de\/?page_id=258"},"modified":"2023-05-11T23:05:07","modified_gmt":"2023-05-11T21:05:07","slug":"jgross","status":"publish","type":"page","link":"https:\/\/www.concept-streitberg.de\/?page_id=258","title":{"rendered":"J\u00fcrgen Gro\u00df"},"content":{"rendered":"\n<p>Sie sind es leid, dass ein gro\u00dfer Teil ihrer Unternehmensleistung Blindleistung ist. Also Leistung, die die gleiche Energie verlangt, aber nicht zum Unternehmenserfolg beitr\u00e4gt!<\/p>\n\n\n\n<p>Ich habe keine fertigen L\u00f6sungen oder Patentrezepte, die man auf alle Probleme anwenden kann. Auch kann ich nicht in einem Tag oder Wochenende aus ihren Mitarbeitern ein Winner-Team machen. Aber ich kann Sie unterst\u00fctzen, das volle Potenzial Ihrer Mitarbeiter zu aktivieren.<\/p>\n\n\n\n<figure class=\"wp-block-image\"><img loading=\"lazy\" decoding=\"async\" width=\"650\" height=\"500\" src=\"https:\/\/www.concept-streitberg.de\/wp-content\/uploads\/2019\/09\/04_500px.jpg\" alt=\"\" class=\"wp-image-273\" srcset=\"https:\/\/www.concept-streitberg.de\/wp-content\/uploads\/2019\/09\/04_500px.jpg 650w, https:\/\/www.concept-streitberg.de\/wp-content\/uploads\/2019\/09\/04_500px-300x231.jpg 300w\" sizes=\"auto, (max-width: 650px) 100vw, 650px\" \/><\/figure>\n\n\n\n<p>Sie kennen solche Situationen, in denen pl\u00f6tzlich alle auf ein gemeinsames Ziel hinarbeiten. Jeder hilft jedem, jeder macht das, was er am besten kann und am Ende sind alle gl\u00fccklich und erstaunt, was da in k\u00fcrzester Zeit erreicht wurde. Gruppen-Flow nennt man das in der Fachsprache.<\/p>\n\n\n\n<p>Aber ich kann einen Raum schaffen, in dem ihre Mitarbeiter ihre eigenen und die Potentiale der anderen Teammitglieder erkennen und im Team b\u00fcndeln k\u00f6nnen. So kann Gruppen-Flow entstehen und es wird sich ein echtes Winner-Team entwickeln. Diese Entwicklung kann ich \u00fcber mehrere Phasen hinweg begleiten.<\/p>\n\n\n\n<p>Ich bin Dipl.-Ing. der Elektrotechnik, habe 25 Jahre Berufserfahrung im Projektmanagement in der IT-Branche und arbeite seit 15 als freiberuflicher Team- und Projektcoach.<\/p>\n\n\n\n<hr class=\"wp-block-separator has-css-opacity\"\/>\n\n\n\n<p>J\u00fcrgen Gro\u00df<br>Team- und Projektcoaching<br>Tel.: +49 8161 231711<br>Email: <a href=\"mailto:jgross@concept-streitberg.de\" target=\"_blank\" rel=\"noreferrer noopener\">jgross@concept-streitberg.de<\/a><\/p>\n","protected":false},"excerpt":{"rendered":"<p>Sie sind es leid, dass ein gro\u00dfer Teil ihrer Unternehmensleistung Blindleistung ist. Also Leistung, die die gleiche Energie verlangt, aber nicht zum Unternehmenserfolg beitr\u00e4gt! Ich habe keine fertigen L\u00f6sungen oder Patentrezepte, die man auf alle Probleme anwenden kann. Auch kann ich nicht in einem Tag oder Wochenende aus ihren Mitarbeitern ein Winner-Team machen. Aber ich &hellip; <\/p>\n<p class=\"link-more\"><a href=\"https:\/\/www.concept-streitberg.de\/?page_id=258\" class=\"more-link\"><span class=\"screen-reader-text\">\u201eJ\u00fcrgen Gro\u00df\u201c<\/span> weiterlesen<\/a><\/p>\n","protected":false},"author":1,"featured_media":0,"parent":254,"menu_order":1,"comment_status":"closed","ping_status":"closed","template":"","meta":{"footnotes":""},"class_list":["post-258","page","type-page","status-publish","hentry"],"_links":{"self":[{"href":"https:\/\/www.concept-streitberg.de\/index.php?rest_route=\/wp\/v2\/pages\/258","targetHints":{"allow":["GET"]}}],"collection":[{"href":"https:\/\/www.concept-streitberg.de\/index.php?rest_route=\/wp\/v2\/pages"}],"about":[{"href":"https:\/\/www.concept-streitberg.de\/index.php?rest_route=\/wp\/v2\/types\/page"}],"author":[{"embeddable":true,"href":"https:\/\/www.concept-streitberg.de\/index.php?rest_route=\/wp\/v2\/users\/1"}],"replies":[{"embeddable":true,"href":"https:\/\/www.concept-streitberg.de\/index.php?rest_route=%2Fwp%2Fv2%2Fcomments&post=258"}],"version-history":[{"count":13,"href":"https:\/\/www.concept-streitberg.de\/index.php?rest_route=\/wp\/v2\/pages\/258\/revisions"}],"predecessor-version":[{"id":434,"href":"https:\/\/www.concept-streitberg.de\/index.php?rest_route=\/wp\/v2\/pages\/258\/revisions\/434"}],"up":[{"embeddable":true,"href":"https:\/\/www.concept-streitberg.de\/index.php?rest_route=\/wp\/v2\/pages\/254"}],"wp:attachment":[{"href":"https:\/\/www.concept-streitberg.de\/index.php?rest_route=%2Fwp%2Fv2%2Fmedia&parent=258"}],"curies":[{"name":"wp","href":"https:\/\/api.w.org\/{rel}","templated":true}]}}