{"id":303,"date":"2020-04-03T16:03:05","date_gmt":"2020-04-03T14:03:05","guid":{"rendered":"https:\/\/www.concept-streitberg.de\/?page_id=303"},"modified":"2020-04-03T16:03:06","modified_gmt":"2020-04-03T14:03:06","slug":"die-drei-phasen-im-streitberg-prozess","status":"publish","type":"page","link":"https:\/\/www.concept-streitberg.de\/?page_id=303","title":{"rendered":"Die drei Phasen im Streitberg-Prozess"},"content":{"rendered":"\n<p>Der Streitberg-Prozess dauert ein Jahr, umfasst zw\u00f6lf zweit\u00e4gige Workshops und verl\u00e4uft in drei Phasen.<\/p>\n\n\n\n<p><strong>Emotionale Phase<\/strong>:\u00a0Workshops eins bis drei: <\/p>\n\n\n\n<ul class=\"wp-block-list\"><li>Schnitzeljagd<\/li><li>Anerkennungsrunde<\/li><li>Biografie.<\/li><\/ul>\n\n\n\n<p>Ziel:\u00a0Emotionales Commitment, erste Voraussetzung f\u00fcr gemeinsames Handeln.<\/p>\n\n\n\n<p><strong>Bef\u00e4higer-Phase<\/strong>:\u00a0Workshops vier bis acht: <\/p>\n\n\n\n<ul class=\"wp-block-list\"><li>F\u00fchren<\/li><li>Management-Systeme<\/li><li>Struktur<\/li><li>Positiv-Negativ-Abgleich<\/li><li>Megatrends<\/li><\/ul>\n\n\n\n<p>Ziel:\u00a0Erlernen der Werkzeuge und Methoden, zweite Voraussetzung f\u00fcr gemeinsames Handeln.<\/p>\n\n\n\n<p><strong>Projekt-Phase<\/strong>:\u00a0Workshops neun bis zw\u00f6lf:<\/p>\n\n\n\n<ul class=\"wp-block-list\"><li>Strategie<\/li><li>Umsetzungs-Projekt 1<\/li><li>Umsetzungs- Projekt 2<\/li><li>Abschluss-Projekt<\/li><\/ul>\n\n\n\n<p>Ziel:\u00a0Das neue gemeinsame Handeln in der konkreten Projektarbeit \u00fcben und festigen.<\/p>\n\n\n\n<p>Die Workshops eins bis vier sind obligatorisch. Ab Schritt f\u00fcnf navigiert die Gruppe ihren Streitberg-Prozess selbst. Wir k\u00f6nnen zu fast jedem Thema einen passenden Streitberg-Workshop entwickeln. Neben den <a href=\"https:\/\/www.concept-streitberg.de\/die-12-workshops\/\">12 Standard-Workshops<\/a> wurden schon folgende Themen bearbeitet:<\/p>\n\n\n\n<ul class=\"wp-block-list\"><li>Entwickeln eigener Methoden<\/li><li>Ver\u00e4nderungen navigieren<\/li><li>Fusionen <\/li><li>Unternehmensnachfolge<\/li><li>Gruppenarbeit und Selbstorganisation<\/li><li>Wie man eine Pr\u00e4sentation gewinnt<\/li><li>Motivation und Selbstmotivation<\/li><li>Mitarbeitergespr\u00e4che<\/li><li>KVP\/Kaizen<\/li><li>Konfliktbearbeitung<\/li><li>Einzelcoaching<\/li><li>Moderation und Mediation<\/li><li>Bearbeiten von Problemen<\/li><li>Optimieren von Prozessabl\u00e4ufen (Vertrieb, Marketing, Service, Entwicklung, Produktion)<\/li><li>Vision<\/li><\/ul>\n","protected":false},"excerpt":{"rendered":"<p>Der Streitberg-Prozess dauert ein Jahr, umfasst zw\u00f6lf zweit\u00e4gige Workshops und verl\u00e4uft in drei Phasen. Emotionale Phase:\u00a0Workshops eins bis drei: Schnitzeljagd Anerkennungsrunde Biografie. Ziel:\u00a0Emotionales Commitment, erste Voraussetzung f\u00fcr gemeinsames Handeln. Bef\u00e4higer-Phase:\u00a0Workshops vier bis acht: F\u00fchren Management-Systeme Struktur Positiv-Negativ-Abgleich Megatrends Ziel:\u00a0Erlernen der Werkzeuge und Methoden, zweite Voraussetzung f\u00fcr gemeinsames Handeln. Projekt-Phase:\u00a0Workshops neun bis zw\u00f6lf: Strategie Umsetzungs-Projekt 1 &hellip; <\/p>\n<p class=\"link-more\"><a href=\"https:\/\/www.concept-streitberg.de\/?page_id=303\" class=\"more-link\"><span class=\"screen-reader-text\">\u201eDie drei Phasen im Streitberg-Prozess\u201c<\/span> weiterlesen<\/a><\/p>\n","protected":false},"author":1,"featured_media":0,"parent":0,"menu_order":0,"comment_status":"closed","ping_status":"closed","template":"","meta":{"footnotes":""},"class_list":["post-303","page","type-page","status-publish","hentry"],"_links":{"self":[{"href":"https:\/\/www.concept-streitberg.de\/index.php?rest_route=\/wp\/v2\/pages\/303","targetHints":{"allow":["GET"]}}],"collection":[{"href":"https:\/\/www.concept-streitberg.de\/index.php?rest_route=\/wp\/v2\/pages"}],"about":[{"href":"https:\/\/www.concept-streitberg.de\/index.php?rest_route=\/wp\/v2\/types\/page"}],"author":[{"embeddable":true,"href":"https:\/\/www.concept-streitberg.de\/index.php?rest_route=\/wp\/v2\/users\/1"}],"replies":[{"embeddable":true,"href":"https:\/\/www.concept-streitberg.de\/index.php?rest_route=%2Fwp%2Fv2%2Fcomments&post=303"}],"version-history":[{"count":1,"href":"https:\/\/www.concept-streitberg.de\/index.php?rest_route=\/wp\/v2\/pages\/303\/revisions"}],"predecessor-version":[{"id":304,"href":"https:\/\/www.concept-streitberg.de\/index.php?rest_route=\/wp\/v2\/pages\/303\/revisions\/304"}],"wp:attachment":[{"href":"https:\/\/www.concept-streitberg.de\/index.php?rest_route=%2Fwp%2Fv2%2Fmedia&parent=303"}],"curies":[{"name":"wp","href":"https:\/\/api.w.org\/{rel}","templated":true}]}}