{"id":428,"date":"2023-05-11T22:48:26","date_gmt":"2023-05-11T20:48:26","guid":{"rendered":"https:\/\/www.concept-streitberg.de\/?page_id=428"},"modified":"2023-05-11T23:04:15","modified_gmt":"2023-05-11T21:04:15","slug":"ronja-christina-gross","status":"publish","type":"page","link":"https:\/\/www.concept-streitberg.de\/?page_id=428","title":{"rendered":"Ronja Christina Gro\u00df"},"content":{"rendered":"\n<p>Als Psychologiestudentin, die einige Jahre in einer gro\u00dfen Hotelkette gearbeitet hat, sehe ich einen starken Zusammenhang der Arbeitsleistung und der Mitarbeitermotivation durch das Arbeitsklima.&nbsp;<\/p>\n\n\n\n<p>In meinem Studium besch\u00e4ftige ich mich momentan vermehrt mit dem Thema, Positive Leadership. Das Concept Streitberg ist in meinen Augen ein vielversprechendes Programm, das F\u00fchrungskr\u00e4fte dabei unterst\u00fctzt das volle Potential aus ihrem Team herauszuholen.<\/p>\n\n\n\n<p>Daher freue ich mich darauf dich und deine Kollegen kennen zulernen, gemeinsam individuelle Wege zum Unternehmenserfolg zu finden und anstelle eines internen Konkurrenzkampfes ein produktives Miteinander zu schaffen.<\/p>\n\n\n\n<figure class=\"wp-block-image size-large\"><img loading=\"lazy\" decoding=\"async\" width=\"768\" height=\"1024\" src=\"https:\/\/www.concept-streitberg.de\/wp-content\/uploads\/2023\/05\/IMG-20230511-WA0001-768x1024.jpg\" alt=\"Ronja Gro\u00df\" class=\"wp-image-429\" srcset=\"https:\/\/www.concept-streitberg.de\/wp-content\/uploads\/2023\/05\/IMG-20230511-WA0001-768x1024.jpg 768w, https:\/\/www.concept-streitberg.de\/wp-content\/uploads\/2023\/05\/IMG-20230511-WA0001-225x300.jpg 225w, https:\/\/www.concept-streitberg.de\/wp-content\/uploads\/2023\/05\/IMG-20230511-WA0001-1152x1536.jpg 1152w, https:\/\/www.concept-streitberg.de\/wp-content\/uploads\/2023\/05\/IMG-20230511-WA0001.jpg 1536w\" sizes=\"auto, (max-width: 767px) 89vw, (max-width: 1000px) 54vw, (max-width: 1071px) 543px, 580px\" \/><\/figure>\n\n\n\n<hr class=\"wp-block-separator has-alpha-channel-opacity\"\/>\n\n\n\n<p>Ronja Christina Gro\u00df<br>Tel.: +49 8161 231711<br>Email: <a href=\"mailto:rcgross@concept-streitberg.de\" target=\"_blank\" rel=\"noreferrer noopener\">rcgross@concept-streitberg.de<\/a><\/p>\n","protected":false},"excerpt":{"rendered":"<p>Als Psychologiestudentin, die einige Jahre in einer gro\u00dfen Hotelkette gearbeitet hat, sehe ich einen starken Zusammenhang der Arbeitsleistung und der Mitarbeitermotivation durch das Arbeitsklima.&nbsp; In meinem Studium besch\u00e4ftige ich mich momentan vermehrt mit dem Thema, Positive Leadership. Das Concept Streitberg ist in meinen Augen ein vielversprechendes Programm, das F\u00fchrungskr\u00e4fte dabei unterst\u00fctzt das volle Potential aus &hellip; <\/p>\n<p class=\"link-more\"><a href=\"https:\/\/www.concept-streitberg.de\/?page_id=428\" class=\"more-link\"><span class=\"screen-reader-text\">\u201eRonja Christina Gro\u00df\u201c<\/span> weiterlesen<\/a><\/p>\n","protected":false},"author":1,"featured_media":0,"parent":254,"menu_order":0,"comment_status":"closed","ping_status":"closed","template":"","meta":{"footnotes":""},"class_list":["post-428","page","type-page","status-publish","hentry"],"_links":{"self":[{"href":"https:\/\/www.concept-streitberg.de\/index.php?rest_route=\/wp\/v2\/pages\/428","targetHints":{"allow":["GET"]}}],"collection":[{"href":"https:\/\/www.concept-streitberg.de\/index.php?rest_route=\/wp\/v2\/pages"}],"about":[{"href":"https:\/\/www.concept-streitberg.de\/index.php?rest_route=\/wp\/v2\/types\/page"}],"author":[{"embeddable":true,"href":"https:\/\/www.concept-streitberg.de\/index.php?rest_route=\/wp\/v2\/users\/1"}],"replies":[{"embeddable":true,"href":"https:\/\/www.concept-streitberg.de\/index.php?rest_route=%2Fwp%2Fv2%2Fcomments&post=428"}],"version-history":[{"count":3,"href":"https:\/\/www.concept-streitberg.de\/index.php?rest_route=\/wp\/v2\/pages\/428\/revisions"}],"predecessor-version":[{"id":433,"href":"https:\/\/www.concept-streitberg.de\/index.php?rest_route=\/wp\/v2\/pages\/428\/revisions\/433"}],"up":[{"embeddable":true,"href":"https:\/\/www.concept-streitberg.de\/index.php?rest_route=\/wp\/v2\/pages\/254"}],"wp:attachment":[{"href":"https:\/\/www.concept-streitberg.de\/index.php?rest_route=%2Fwp%2Fv2%2Fmedia&parent=428"}],"curies":[{"name":"wp","href":"https:\/\/api.w.org\/{rel}","templated":true}]}}